{"id":8,"date":"2021-01-02T18:53:49","date_gmt":"2021-01-02T17:53:49","guid":{"rendered":"http:\/\/martadmochowska.pl\/?page_id=8"},"modified":"2024-12-16T16:18:11","modified_gmt":"2024-12-16T15:18:11","slug":"kontakt","status":"publish","type":"page","link":"https:\/\/martadmochowska.pl\/index.php\/kontakt\/","title":{"rendered":"Kontakt"},"content":{"rendered":"<p><\/p><div class=\"wp-block-group alignfull is-content-justification-center\" style=\"margin-top:0;margin-bottom:0;padding-top:calc( 0.5 * var(--wp--style--root--padding-right, var(--wp--custom--gap--horizontal)));padding-right:var(--wp--style--root--padding-right, var(--wp--custom--gap--horizontal));padding-bottom:calc( 0.5 * var(--wp--style--root--padding-right, var(--wp--custom--gap--horizontal)));padding-left:var(--wp--style--root--padding-left, var(--wp--custom--gap--horizontal))\"><div class=\"wp-block-group__inner-container is-layout-constrained wp-container-core-group-is-layout-b073b61b wp-block-group-is-layout-constrained\"><div style=\"height:calc( 0.25 * var(--wp--style--root--padding-right, var(--wp--custom--gap--horizontal)))\" aria-hidden=\"true\" class=\"wp-block-spacer\"><\/div><\/div><\/div><div class=\"wp-block-cover has-custom-content-position is-position-bottom-center alignfull has-text-color has-link-color wp-elements-5d2b72bbc9885413d8d9a747ab5c5e30 wp-duotone-dark-grayscale\" style=\"color:#ffffff;padding-top:var(--wp--preset--spacing--40);padding-right:var(--wp--preset--spacing--40);padding-bottom:var(--wp--preset--spacing--40);padding-left:var(--wp--preset--spacing--40)\"><span aria-hidden=\"true\" class=\"wp-block-cover__background has-background-dim-20 has-background-dim\" style=\"background-color:#010101\"><\/span><img fetchpriority=\"high\" decoding=\"async\" width=\"1920\" height=\"2560\" class=\"wp-block-cover__image-background wp-image-1124\" alt=\"\" src=\"https:\/\/martadmochowska.pl\/wp-content\/uploads\/2024\/12\/marta-scaled.jpg\" data-object-fit=\"cover\" srcset=\"https:\/\/martadmochowska.pl\/wp-content\/uploads\/2024\/12\/marta-scaled.jpg 1920w, https:\/\/martadmochowska.pl\/wp-content\/uploads\/2024\/12\/marta-225x300.jpg 225w, https:\/\/martadmochowska.pl\/wp-content\/uploads\/2024\/12\/marta-768x1024.jpg 768w, https:\/\/martadmochowska.pl\/wp-content\/uploads\/2024\/12\/marta-1152x1536.jpg 1152w, https:\/\/martadmochowska.pl\/wp-content\/uploads\/2024\/12\/marta-1536x2048.jpg 1536w, https:\/\/martadmochowska.pl\/wp-content\/uploads\/2024\/12\/marta-1140x1520.jpg 1140w, https:\/\/martadmochowska.pl\/wp-content\/uploads\/2024\/12\/marta-300x400.jpg 300w, https:\/\/martadmochowska.pl\/wp-content\/uploads\/2024\/12\/marta-600x800.jpg 600w\" sizes=\"(max-width: 1920px) 100vw, 1920px\" \/><div class=\"wp-block-cover__inner-container is-layout-constrained wp-container-core-cover-is-layout-65a08581 wp-block-cover-is-layout-constrained\"><div class=\"wp-block-group alignwide\" style=\"margin-top:0;margin-bottom:0;padding-top:0;padding-right:0;padding-bottom:0;padding-left:0\"><div class=\"wp-block-group__inner-container is-layout-flow wp-block-group-is-layout-flow\"><div style=\"height:var(--wp--preset--spacing--70)\" aria-hidden=\"true\" class=\"wp-block-spacer\"><\/div>\n\n<div class=\"wp-block-group\"><div class=\"wp-block-group__inner-container is-layout-constrained wp-container-core-group-is-layout-33e1526d wp-block-group-is-layout-constrained\"><p class=\"has-text-align-left\">U\u017cyj formularza poni\u017cej,<\/p>\n\n<div style=\"height:0px\" aria-hidden=\"true\" class=\"wp-block-spacer\"><\/div>\n\n<div class=\"wp-block-jetpack-contact-info\"><div class=\"wp-block-jetpack-email\">napisz e-mail na adres: <a href=\"mailto:dietetyk@martadmochowska.pl\">dietetyk@martadmochowska.pl<\/a><\/div><\/div>\n\n<div style=\"height:26px\" aria-hidden=\"true\" class=\"wp-block-spacer\"><\/div><\/div><\/div>\n\n<div class=\"wp-block-jetpack-contact-info\"><div class=\"wp-block-jetpack-phone\"><span class=\"phone-prefix\">zadzwo\u0144 <\/span><a href=\"tel:500442544\">500442544\n\n<\/a><\/div><\/div><\/div><\/div>\n\n<div class=\"wp-block-group\"><div class=\"wp-block-group__inner-container is-layout-constrained wp-block-group-is-layout-constrained\"><\/div><\/div>\n\n<div class=\"wp-block-group alignwide\" style=\"margin-top:0;margin-bottom:0;padding-top:0;padding-right:0;padding-bottom:0;padding-left:0\"><div class=\"wp-block-group__inner-container is-layout-flow wp-block-group-is-layout-flow\"><div class=\"wp-block-group\"><div class=\"wp-block-group__inner-container is-layout-constrained wp-container-core-group-is-layout-33e1526d wp-block-group-is-layout-constrained\"><p class=\"has-text-align-left\">(je\u017celi nie odbior\u0119 -napisz sms, oddzwoni\u0119)<\/p>\n\n<div class=\"wpforms-container wpforms-container-full\" id=\"wpforms-519\"><form id=\"wpforms-form-519\" class=\"wpforms-validate wpforms-form\" data-formid=\"519\" method=\"post\" enctype=\"multipart\/form-data\" action=\"\/index.php\/wp-json\/wp\/v2\/pages\/8\" data-token=\"b6036c14fa8240bea6d1cbb0d3dff369\" data-token-time=\"1775282506\"><noscript class=\"wpforms-error-noscript\">Aby wype\u0142ni\u0107 ten formularz, w\u0142\u0105cz obs\u0142ug\u0119 JavaScript w przegl\u0105darce.<\/noscript><div class=\"wpforms-field-container\"><div id=\"wpforms-519-field_0-container\" class=\"wpforms-field wpforms-field-name\" data-field-id=\"0\"><label class=\"wpforms-field-label\" for=\"wpforms-519-field_0\">Imi\u0119 <span class=\"wpforms-required-label\">*<\/span><\/label><input type=\"text\" id=\"wpforms-519-field_0\" class=\"wpforms-field-medium wpforms-field-required\" name=\"wpforms[fields][0]\" required><\/div><div id=\"wpforms-519-field_1-container\" class=\"wpforms-field wpforms-field-email\" data-field-id=\"1\"><label class=\"wpforms-field-label\" for=\"wpforms-519-field_1\">E-mail <span class=\"wpforms-required-label\">*<\/span><\/label><input type=\"email\" id=\"wpforms-519-field_1\" class=\"wpforms-field-medium wpforms-field-required\" name=\"wpforms[fields][1]\" spellcheck=\"false\" required><\/div><div id=\"wpforms-519-field_2-container\" class=\"wpforms-field wpforms-field-textarea\" data-field-id=\"2\"><label class=\"wpforms-field-label\" for=\"wpforms-519-field_2\">Twoja wiadomo\u015b\u0107 <span class=\"wpforms-required-label\">*<\/span><\/label><textarea id=\"wpforms-519-field_2\" class=\"wpforms-field-medium wpforms-field-required\" name=\"wpforms[fields][2]\" required><\/textarea><\/div><\/div><!-- .wpforms-field-container --><div class=\"wpforms-submit-container\" ><input type=\"hidden\" name=\"wpforms[id]\" value=\"519\"><input type=\"hidden\" name=\"page_title\" value=\"\"><input type=\"hidden\" name=\"page_url\" value=\"https:\/\/martadmochowska.pl\/index.php\/wp-json\/wp\/v2\/pages\/8\"><input type=\"hidden\" name=\"url_referer\" value=\"\"><button type=\"submit\" name=\"wpforms[submit]\" id=\"wpforms-submit-519\" class=\"wpforms-submit\" data-alt-text=\"Sending...\" data-submit-text=\"Wy\u015blij\" aria-live=\"assertive\" value=\"wpforms-submit\">Wy\u015blij<\/button><\/div><\/form><\/div>  <!-- .wpforms-container --><\/div><\/div>\n\n<div style=\"height:54px\" aria-hidden=\"true\" class=\"wp-block-spacer\"><\/div><\/div><\/div><\/div><\/div><p><\/p>","protected":false},"excerpt":{"rendered":"","protected":false},"author":1,"featured_media":0,"parent":0,"menu_order":0,"comment_status":"closed","ping_status":"closed","template":"","meta":{"_monsterinsights_skip_tracking":false,"_monsterinsights_sitenote_active":false,"_monsterinsights_sitenote_note":"","_monsterinsights_sitenote_category":0,"footnotes":""},"class_list":["post-8","page","type-page","status-publish","hentry"],"yoast_head":"<!-- This site is optimized with the Yoast SEO plugin v23.7 - https:\/\/yoast.com\/wordpress\/plugins\/seo\/ -->\n<title>Kontakt &#8902; Marta Dmochowska<\/title>\n<meta name=\"description\" content=\"Tutaj znajdziesz formularz kontaktowy oraz adres e-mail, Je\u017celi masz pytania czy w\u0105tpliwo\u015bci - \u015bmia\u0142o pisz, a je ch\u0119tnie odpowiem!\" \/>\n<meta name=\"robots\" content=\"index, follow, max-snippet:-1, max-image-preview:large, max-video-preview:-1\" \/>\n<link rel=\"canonical\" href=\"https:\/\/martadmochowska.pl\/index.php\/kontakt\/\" \/>\n<meta property=\"og:locale\" content=\"pl_PL\" \/>\n<meta property=\"og:type\" content=\"article\" \/>\n<meta property=\"og:title\" content=\"Kontakt &#8902; Marta Dmochowska\" \/>\n<meta property=\"og:description\" content=\"Tutaj znajdziesz formularz kontaktowy oraz adres e-mail, Je\u017celi masz pytania czy w\u0105tpliwo\u015bci - \u015bmia\u0142o pisz, a je ch\u0119tnie odpowiem!\" \/>\n<meta property=\"og:url\" content=\"https:\/\/martadmochowska.pl\/index.php\/kontakt\/\" \/>\n<meta property=\"og:site_name\" content=\"Marta Dmochowska\" \/>\n<meta property=\"article:modified_time\" content=\"2024-12-16T15:18:11+00:00\" \/>\n<meta property=\"og:image\" content=\"https:\/\/martadmochowska.pl\/wp-content\/uploads\/2024\/12\/marta-scaled.jpg\" \/>\n\t<meta property=\"og:image:width\" content=\"1920\" \/>\n\t<meta property=\"og:image:height\" content=\"2560\" \/>\n\t<meta property=\"og:image:type\" content=\"image\/jpeg\" \/>\n<meta name=\"twitter:card\" content=\"summary_large_image\" \/>\n<meta name=\"twitter:label1\" content=\"Szacowany czas czytania\" \/>\n\t<meta name=\"twitter:data1\" content=\"1 minuta\" \/>\n<script type=\"application\/ld+json\" class=\"yoast-schema-graph\">{\"@context\":\"https:\/\/schema.org\",\"@graph\":[{\"@type\":\"WebPage\",\"@id\":\"https:\/\/martadmochowska.pl\/index.php\/kontakt\/\",\"url\":\"https:\/\/martadmochowska.pl\/index.php\/kontakt\/\",\"name\":\"Kontakt &#8902; Marta Dmochowska\",\"isPartOf\":{\"@id\":\"https:\/\/martadmochowska.pl\/#website\"},\"primaryImageOfPage\":{\"@id\":\"https:\/\/martadmochowska.pl\/index.php\/kontakt\/#primaryimage\"},\"image\":{\"@id\":\"https:\/\/martadmochowska.pl\/index.php\/kontakt\/#primaryimage\"},\"thumbnailUrl\":\"https:\/\/martadmochowska.pl\/wp-content\/uploads\/2024\/12\/marta-scaled.jpg\",\"datePublished\":\"2021-01-02T17:53:49+00:00\",\"dateModified\":\"2024-12-16T15:18:11+00:00\",\"description\":\"Tutaj znajdziesz formularz kontaktowy oraz adres e-mail, Je\u017celi masz pytania czy w\u0105tpliwo\u015bci - \u015bmia\u0142o pisz, a je ch\u0119tnie odpowiem!\",\"breadcrumb\":{\"@id\":\"https:\/\/martadmochowska.pl\/index.php\/kontakt\/#breadcrumb\"},\"inLanguage\":\"pl-PL\",\"potentialAction\":[{\"@type\":\"ReadAction\",\"target\":[\"https:\/\/martadmochowska.pl\/index.php\/kontakt\/\"]}]},{\"@type\":\"ImageObject\",\"inLanguage\":\"pl-PL\",\"@id\":\"https:\/\/martadmochowska.pl\/index.php\/kontakt\/#primaryimage\",\"url\":\"https:\/\/martadmochowska.pl\/wp-content\/uploads\/2024\/12\/marta-scaled.jpg\",\"contentUrl\":\"https:\/\/martadmochowska.pl\/wp-content\/uploads\/2024\/12\/marta-scaled.jpg\",\"width\":1920,\"height\":2560},{\"@type\":\"BreadcrumbList\",\"@id\":\"https:\/\/martadmochowska.pl\/index.php\/kontakt\/#breadcrumb\",\"itemListElement\":[{\"@type\":\"ListItem\",\"position\":1,\"name\":\"Strona g\u0142\u00f3wna\",\"item\":\"https:\/\/martadmochowska.pl\/\"},{\"@type\":\"ListItem\",\"position\":2,\"name\":\"Kontakt\"}]},{\"@type\":\"WebSite\",\"@id\":\"https:\/\/martadmochowska.pl\/#website\",\"url\":\"https:\/\/martadmochowska.pl\/\",\"name\":\"Marta Dmochowska dietetyk on-line\",\"description\":\"dietetyk sportowy\",\"publisher\":{\"@id\":\"https:\/\/martadmochowska.pl\/#organization\"},\"potentialAction\":[{\"@type\":\"SearchAction\",\"target\":{\"@type\":\"EntryPoint\",\"urlTemplate\":\"https:\/\/martadmochowska.pl\/?s={search_term_string}\"},\"query-input\":{\"@type\":\"PropertyValueSpecification\",\"valueRequired\":true,\"valueName\":\"search_term_string\"}}],\"inLanguage\":\"pl-PL\"},{\"@type\":\"Organization\",\"@id\":\"https:\/\/martadmochowska.pl\/#organization\",\"name\":\"Marta Dmochowska dietetyk on-line\",\"url\":\"https:\/\/martadmochowska.pl\/\",\"logo\":{\"@type\":\"ImageObject\",\"inLanguage\":\"pl-PL\",\"@id\":\"https:\/\/martadmochowska.pl\/#\/schema\/logo\/image\/\",\"url\":\"http:\/\/martadmochowska.pl\/wp-content\/uploads\/2021\/01\/cropped-marta-dmochowska-dietetyk-on-line.png\",\"contentUrl\":\"http:\/\/martadmochowska.pl\/wp-content\/uploads\/2021\/01\/cropped-marta-dmochowska-dietetyk-on-line.png\",\"width\":839,\"height\":280,\"caption\":\"Marta Dmochowska dietetyk on-line\"},\"image\":{\"@id\":\"https:\/\/martadmochowska.pl\/#\/schema\/logo\/image\/\"},\"sameAs\":[\"https:\/\/www.instagram.com\/marta_dmochowska_\/\"]}]}<\/script>\n<!-- \/ Yoast SEO plugin. -->","yoast_head_json":{"title":"Kontakt &#8902; Marta Dmochowska","description":"Tutaj znajdziesz formularz kontaktowy oraz adres e-mail, Je\u017celi masz pytania czy w\u0105tpliwo\u015bci - \u015bmia\u0142o pisz, a je ch\u0119tnie odpowiem!","robots":{"index":"index","follow":"follow","max-snippet":"max-snippet:-1","max-image-preview":"max-image-preview:large","max-video-preview":"max-video-preview:-1"},"canonical":"https:\/\/martadmochowska.pl\/index.php\/kontakt\/","og_locale":"pl_PL","og_type":"article","og_title":"Kontakt &#8902; Marta Dmochowska","og_description":"Tutaj znajdziesz formularz kontaktowy oraz adres e-mail, Je\u017celi masz pytania czy w\u0105tpliwo\u015bci - \u015bmia\u0142o pisz, a je ch\u0119tnie odpowiem!","og_url":"https:\/\/martadmochowska.pl\/index.php\/kontakt\/","og_site_name":"Marta Dmochowska","article_modified_time":"2024-12-16T15:18:11+00:00","og_image":[{"width":1920,"height":2560,"url":"https:\/\/martadmochowska.pl\/wp-content\/uploads\/2024\/12\/marta-scaled.jpg","type":"image\/jpeg"}],"twitter_card":"summary_large_image","twitter_misc":{"Szacowany czas czytania":"1 minuta"},"schema":{"@context":"https:\/\/schema.org","@graph":[{"@type":"WebPage","@id":"https:\/\/martadmochowska.pl\/index.php\/kontakt\/","url":"https:\/\/martadmochowska.pl\/index.php\/kontakt\/","name":"Kontakt &#8902; Marta Dmochowska","isPartOf":{"@id":"https:\/\/martadmochowska.pl\/#website"},"primaryImageOfPage":{"@id":"https:\/\/martadmochowska.pl\/index.php\/kontakt\/#primaryimage"},"image":{"@id":"https:\/\/martadmochowska.pl\/index.php\/kontakt\/#primaryimage"},"thumbnailUrl":"https:\/\/martadmochowska.pl\/wp-content\/uploads\/2024\/12\/marta-scaled.jpg","datePublished":"2021-01-02T17:53:49+00:00","dateModified":"2024-12-16T15:18:11+00:00","description":"Tutaj znajdziesz formularz kontaktowy oraz adres e-mail, Je\u017celi masz pytania czy w\u0105tpliwo\u015bci - \u015bmia\u0142o pisz, a je ch\u0119tnie odpowiem!","breadcrumb":{"@id":"https:\/\/martadmochowska.pl\/index.php\/kontakt\/#breadcrumb"},"inLanguage":"pl-PL","potentialAction":[{"@type":"ReadAction","target":["https:\/\/martadmochowska.pl\/index.php\/kontakt\/"]}]},{"@type":"ImageObject","inLanguage":"pl-PL","@id":"https:\/\/martadmochowska.pl\/index.php\/kontakt\/#primaryimage","url":"https:\/\/martadmochowska.pl\/wp-content\/uploads\/2024\/12\/marta-scaled.jpg","contentUrl":"https:\/\/martadmochowska.pl\/wp-content\/uploads\/2024\/12\/marta-scaled.jpg","width":1920,"height":2560},{"@type":"BreadcrumbList","@id":"https:\/\/martadmochowska.pl\/index.php\/kontakt\/#breadcrumb","itemListElement":[{"@type":"ListItem","position":1,"name":"Strona g\u0142\u00f3wna","item":"https:\/\/martadmochowska.pl\/"},{"@type":"ListItem","position":2,"name":"Kontakt"}]},{"@type":"WebSite","@id":"https:\/\/martadmochowska.pl\/#website","url":"https:\/\/martadmochowska.pl\/","name":"Marta Dmochowska dietetyk on-line","description":"dietetyk sportowy","publisher":{"@id":"https:\/\/martadmochowska.pl\/#organization"},"potentialAction":[{"@type":"SearchAction","target":{"@type":"EntryPoint","urlTemplate":"https:\/\/martadmochowska.pl\/?s={search_term_string}"},"query-input":{"@type":"PropertyValueSpecification","valueRequired":true,"valueName":"search_term_string"}}],"inLanguage":"pl-PL"},{"@type":"Organization","@id":"https:\/\/martadmochowska.pl\/#organization","name":"Marta Dmochowska dietetyk on-line","url":"https:\/\/martadmochowska.pl\/","logo":{"@type":"ImageObject","inLanguage":"pl-PL","@id":"https:\/\/martadmochowska.pl\/#\/schema\/logo\/image\/","url":"http:\/\/martadmochowska.pl\/wp-content\/uploads\/2021\/01\/cropped-marta-dmochowska-dietetyk-on-line.png","contentUrl":"http:\/\/martadmochowska.pl\/wp-content\/uploads\/2021\/01\/cropped-marta-dmochowska-dietetyk-on-line.png","width":839,"height":280,"caption":"Marta Dmochowska dietetyk on-line"},"image":{"@id":"https:\/\/martadmochowska.pl\/#\/schema\/logo\/image\/"},"sameAs":["https:\/\/www.instagram.com\/marta_dmochowska_\/"]}]}},"jetpack_sharing_enabled":true,"_links":{"self":[{"href":"https:\/\/martadmochowska.pl\/index.php\/wp-json\/wp\/v2\/pages\/8","targetHints":{"allow":["GET"]}}],"collection":[{"href":"https:\/\/martadmochowska.pl\/index.php\/wp-json\/wp\/v2\/pages"}],"about":[{"href":"https:\/\/martadmochowska.pl\/index.php\/wp-json\/wp\/v2\/types\/page"}],"author":[{"embeddable":true,"href":"https:\/\/martadmochowska.pl\/index.php\/wp-json\/wp\/v2\/users\/1"}],"replies":[{"embeddable":true,"href":"https:\/\/martadmochowska.pl\/index.php\/wp-json\/wp\/v2\/comments?post=8"}],"version-history":[{"count":43,"href":"https:\/\/martadmochowska.pl\/index.php\/wp-json\/wp\/v2\/pages\/8\/revisions"}],"predecessor-version":[{"id":1144,"href":"https:\/\/martadmochowska.pl\/index.php\/wp-json\/wp\/v2\/pages\/8\/revisions\/1144"}],"wp:attachment":[{"href":"https:\/\/martadmochowska.pl\/index.php\/wp-json\/wp\/v2\/media?parent=8"}],"curies":[{"name":"wp","href":"https:\/\/api.w.org\/{rel}","templated":true}]}}